{"id":544,"date":"2024-11-02T12:51:43","date_gmt":"2024-11-02T12:51:43","guid":{"rendered":"https:\/\/www.raiugarts.com\/wp\/?post_type=product&#038;p=544"},"modified":"2024-11-02T12:52:49","modified_gmt":"2024-11-02T12:52:49","slug":"raiuguito-pop-personalizado-37","status":"publish","type":"product","link":"https:\/\/www.raiugarts.com\/wp\/produto\/raiuguito-pop-personalizado-37\/","title":{"rendered":"Raiuguito Pop Personalizado"},"content":{"rendered":"","protected":false},"excerpt":{"rendered":"<p>Os Raiuguitos Pop s\u00e3o personagens \u00fanicos e feitos \u00e0 m\u00e3o, criados a partir de fotos enviadas pelos clientes. Cada pe\u00e7a \u00e9 elaborada com aten\u00e7\u00e3o ao detalhe e carinho, garantindo que cada Raiuguito seja especial e personalizado.<br \/>\nEstes artigos s\u00e3o feitos apenas por encomenda, permitindo que cada cliente tenha uma cria\u00e7\u00e3o que reflita a sua vis\u00e3o e estilo.<\/p>\n<p>Para solicitar um or\u00e7amento, <a href=\"https:\/\/forms.gle\/uhUNa7narEiPc5R27\" target=\"_new\" rel=\"noopener\">Clica Aqui!<\/a><\/p>\n","protected":false},"featured_media":477,"comment_status":"open","ping_status":"closed","template":"","meta":[],"product_brand":[],"product_cat":[19,17],"product_tag":[],"class_list":{"0":"post-544","1":"product","2":"type-product","3":"status-publish","4":"has-post-thumbnail","6":"product_cat-biscuit","7":"product_cat-pops-personalizados","9":"first","10":"onbackorder","11":"shipping-taxable","12":"product-type-simple"},"_links":{"self":[{"href":"https:\/\/www.raiugarts.com\/wp\/wp-json\/wp\/v2\/product\/544","targetHints":{"allow":["GET"]}}],"collection":[{"href":"https:\/\/www.raiugarts.com\/wp\/wp-json\/wp\/v2\/product"}],"about":[{"href":"https:\/\/www.raiugarts.com\/wp\/wp-json\/wp\/v2\/types\/product"}],"replies":[{"embeddable":true,"href":"https:\/\/www.raiugarts.com\/wp\/wp-json\/wp\/v2\/comments?post=544"}],"wp:featuredmedia":[{"embeddable":true,"href":"https:\/\/www.raiugarts.com\/wp\/wp-json\/wp\/v2\/media\/477"}],"wp:attachment":[{"href":"https:\/\/www.raiugarts.com\/wp\/wp-json\/wp\/v2\/media?parent=544"}],"wp:term":[{"taxonomy":"product_brand","embeddable":true,"href":"https:\/\/www.raiugarts.com\/wp\/wp-json\/wp\/v2\/product_brand?post=544"},{"taxonomy":"product_cat","embeddable":true,"href":"https:\/\/www.raiugarts.com\/wp\/wp-json\/wp\/v2\/product_cat?post=544"},{"taxonomy":"product_tag","embeddable":true,"href":"https:\/\/www.raiugarts.com\/wp\/wp-json\/wp\/v2\/product_tag?post=544"}],"curies":[{"name":"wp","href":"https:\/\/api.w.org\/{rel}","templated":true}]}}