{"id":460,"date":"2024-10-29T18:57:12","date_gmt":"2024-10-29T18:57:12","guid":{"rendered":"https:\/\/www.raiugarts.com\/wp\/?post_type=product&#038;p=460"},"modified":"2024-10-29T18:57:12","modified_gmt":"2024-10-29T18:57:12","slug":"agenda-personalizada","status":"publish","type":"product","link":"https:\/\/www.raiugarts.com\/wp\/produto\/agenda-personalizada\/","title":{"rendered":"Agenda personalizada"},"content":{"rendered":"","protected":false},"excerpt":{"rendered":"<p>Organiza o teu dia-a-dia com estilo! Dispon\u00edveis em formato semanal ou di\u00e1rio, estas agendas s\u00e3o ideais para planear compromissos, definir metas e anotar ideias. Com um design \u00fanico e espa\u00e7o suficiente para as tuas anota\u00e7\u00f5es, s\u00e3o perfeitas para quem valoriza a organiza\u00e7\u00e3o pessoal.<\/p>\n<p>&nbsp;<\/p>\n<p><strong>Para solicitar um or\u00e7amento, <a href=\"https:\/\/forms.gle\/uhUNa7narEiPc5R27\">clica aqui<\/a>!<\/strong><\/p>\n","protected":false},"featured_media":376,"comment_status":"open","ping_status":"closed","template":"","meta":[],"product_brand":[],"product_cat":[28,27],"product_tag":[],"class_list":{"0":"post-460","1":"product","2":"type-product","3":"status-publish","4":"has-post-thumbnail","6":"product_cat-agendascadernos","7":"product_cat-papelaria","9":"first","10":"onbackorder","11":"shipping-taxable","12":"product-type-simple"},"_links":{"self":[{"href":"https:\/\/www.raiugarts.com\/wp\/wp-json\/wp\/v2\/product\/460","targetHints":{"allow":["GET"]}}],"collection":[{"href":"https:\/\/www.raiugarts.com\/wp\/wp-json\/wp\/v2\/product"}],"about":[{"href":"https:\/\/www.raiugarts.com\/wp\/wp-json\/wp\/v2\/types\/product"}],"replies":[{"embeddable":true,"href":"https:\/\/www.raiugarts.com\/wp\/wp-json\/wp\/v2\/comments?post=460"}],"wp:featuredmedia":[{"embeddable":true,"href":"https:\/\/www.raiugarts.com\/wp\/wp-json\/wp\/v2\/media\/376"}],"wp:attachment":[{"href":"https:\/\/www.raiugarts.com\/wp\/wp-json\/wp\/v2\/media?parent=460"}],"wp:term":[{"taxonomy":"product_brand","embeddable":true,"href":"https:\/\/www.raiugarts.com\/wp\/wp-json\/wp\/v2\/product_brand?post=460"},{"taxonomy":"product_cat","embeddable":true,"href":"https:\/\/www.raiugarts.com\/wp\/wp-json\/wp\/v2\/product_cat?post=460"},{"taxonomy":"product_tag","embeddable":true,"href":"https:\/\/www.raiugarts.com\/wp\/wp-json\/wp\/v2\/product_tag?post=460"}],"curies":[{"name":"wp","href":"https:\/\/api.w.org\/{rel}","templated":true}]}}