{"id":444,"date":"2024-10-29T18:37:07","date_gmt":"2024-10-29T18:37:07","guid":{"rendered":"https:\/\/www.raiugarts.com\/wp\/?post_type=product&#038;p=444"},"modified":"2024-10-29T18:37:28","modified_gmt":"2024-10-29T18:37:28","slug":"vela-personalizada-9","status":"publish","type":"product","link":"https:\/\/www.raiugarts.com\/wp\/produto\/vela-personalizada-9\/","title":{"rendered":"Vela Personalizada"},"content":{"rendered":"","protected":false},"excerpt":{"rendered":"<p>Torne o momento do &#8220;parab\u00e9ns&#8221; ainda mais especial com as nossas Velas Personalizadas! O destaque aqui \u00e9 o pavio, que queima para celebrar o momento, enquanto a vela em si permanece intacta, para que possa ser uma linda recorda\u00e7\u00e3o.<\/p>\n<p>As velas podem ser personalizadas com qualquer tema e qualquer n\u00famero, tornando cada pe\u00e7a \u00fanica e adaptada \u00e0 celebra\u00e7\u00e3o. Cada encomenda inclui dois pavios, para que possa reviver a celebra\u00e7\u00e3o, e um porta-retratos exclusivo, perfeito para colocar uma fotografia do dia especial ap\u00f3s a festa. Um toque personalizado que vai al\u00e9m do momento!<\/p>\n<p><strong>Para solicitar um or\u00e7amento, <a href=\"https:\/\/forms.gle\/uhUNa7narEiPc5R27\" target=\"_new\" rel=\"noopener\">Clica Aqui!<\/a><\/strong><\/p>\n","protected":false},"featured_media":365,"comment_status":"open","ping_status":"closed","template":"","meta":[],"product_brand":[],"product_cat":[19,30],"product_tag":[],"class_list":{"0":"post-444","1":"product","2":"type-product","3":"status-publish","4":"has-post-thumbnail","6":"product_cat-biscuit","7":"product_cat-topos-e-velas","9":"first","10":"onbackorder","11":"shipping-taxable","12":"product-type-simple"},"_links":{"self":[{"href":"https:\/\/www.raiugarts.com\/wp\/wp-json\/wp\/v2\/product\/444","targetHints":{"allow":["GET"]}}],"collection":[{"href":"https:\/\/www.raiugarts.com\/wp\/wp-json\/wp\/v2\/product"}],"about":[{"href":"https:\/\/www.raiugarts.com\/wp\/wp-json\/wp\/v2\/types\/product"}],"replies":[{"embeddable":true,"href":"https:\/\/www.raiugarts.com\/wp\/wp-json\/wp\/v2\/comments?post=444"}],"wp:featuredmedia":[{"embeddable":true,"href":"https:\/\/www.raiugarts.com\/wp\/wp-json\/wp\/v2\/media\/365"}],"wp:attachment":[{"href":"https:\/\/www.raiugarts.com\/wp\/wp-json\/wp\/v2\/media?parent=444"}],"wp:term":[{"taxonomy":"product_brand","embeddable":true,"href":"https:\/\/www.raiugarts.com\/wp\/wp-json\/wp\/v2\/product_brand?post=444"},{"taxonomy":"product_cat","embeddable":true,"href":"https:\/\/www.raiugarts.com\/wp\/wp-json\/wp\/v2\/product_cat?post=444"},{"taxonomy":"product_tag","embeddable":true,"href":"https:\/\/www.raiugarts.com\/wp\/wp-json\/wp\/v2\/product_tag?post=444"}],"curies":[{"name":"wp","href":"https:\/\/api.w.org\/{rel}","templated":true}]}}